{"id":363,"date":"2014-01-10T07:37:03","date_gmt":"2014-01-10T06:37:03","guid":{"rendered":"http:\/\/vm.piszki.pl\/?page_id=363"},"modified":"2021-04-28T14:55:50","modified_gmt":"2021-04-28T12:55:50","slug":"o-autorze","status":"publish","type":"page","link":"https:\/\/vm.piszki.pl\/?page_id=363","title":{"rendered":"O autorze"},"content":{"rendered":"<p style=\"text-align: justify;\"><a href=\"https:\/\/vm.piszki.pl\/wp-content\/uploads\/2014\/01\/0a31711.jpg\"><br \/>\n<img loading=\"lazy\" decoding=\"async\" class=\"wp-image-957 alignleft\" src=\"https:\/\/vm.piszki.pl\/wp-content\/uploads\/2014\/01\/0a31711.jpg\" alt=\"0a31711\" width=\"162\" height=\"168\" \/><\/a><\/p>\n<p style=\"text-align: justify;\">Piotr Pisz<\/p>\n<p style=\"text-align: justify;\" align=\"justify\">Informatyk od zawsze, odk\u0105d dosta\u0142 Commodore 64 na zako\u0144czenie podstaw\u00f3wki, poprzez ukochan\u0105 Amig\u0119\u00a0 i niesko\u0144czon\u0105 liczb\u0119 konsol linuksowych a\u017c do dzisiejszego, w pe\u0142ni wirtualnego, dnia. Od 2001 roku Administrator system\u00f3w Uniks\/Linuks, przez siedem lat wierny towarzysz i obro\u0144ca systemu Solaris (8,10,11) a\u017c do jego smutnego ko\u0144ca. W roku pa\u0144skim 2011 zst\u0105pi\u0142 w odm\u0119ty wirtualizacji, po czym p\u0142ynnie wst\u0105pi\u0142 w chmury i trwa tam do dzi\u015b.<\/p>\n<p style=\"text-align: justify;\" align=\"justify\">Ten blog jest wentylem bezpiecze\u0144stwa dla mojej potrzeby pisania. Dawno dawno temu, zosta\u0142em informatykiem, i to takim z rodzaju zaanga\u017cowanych zapale\u0144c\u00f3w. Tak wi\u0119c moja potrzeba pisania, ca\u0142kiem naturalnie, zesz\u0142a na temat mojej fascynacji \u00a0&#8222;I n f o r m a t y k \u0105&#8221; . To wielkie, rozlaz\u0142e s\u0142owo, pisane wielk\u0105 liter\u0105, obejmuje swoim zasi\u0119giem to, co robi\u0119 w pracy i to, co robi\u0119 w domu. Oczywi\u015bcie nie ma sensu pisanie bloga o wszystkim,\u00a0 dlatego zgodnie z mottem tej strony, zajmuj\u0119 si\u0119 tu g\u0142\u00f3wnie analiz\u0105 problem\u00f3w, z jakimi si\u0119 spotykam na mojej drodze przez &#8222;chmury&#8221;. Analiz\u0119 prowadz\u0119 w j\u0119zyku przodk\u00f3w, czyli po polsku. Niewiele jest dobrych blog\u00f3w informatycznych, pisanych poprawn\u0105 polszczyzn\u0105. Upar\u0142em si\u0119, \u017ce ten blog, tak\u0105 polszczyzn\u0105 b\u0119dzie pisany. Bo mimo, \u017ce jest to momentami bardzo trudne, to jednak Polacy nie g\u0119si, i sw\u00f3j j\u0119zyk maj\u0105. A nazwa bloga wzi\u0119\u0142a si\u0119 oczywi\u015bcie od mojej, rodzinnej i troch\u0119 \u017cartobliwej domeny internetowej. Nie miejcie mi jej za z\u0142e :)<\/p>\n<p style=\"text-align: justify;\" align=\"justify\">Zawodowo pracuj\u0119 jako Architekt System\u00f3w Informatycznych w Polskiej Wytw\u00f3rni Papier\u00f3w Warto\u015bciowych.<\/p>\n<p align=\"justify\">Dosta\u0142em sporo pyta\u0144 za pomoc\u0105 formularza na kt\u00f3re nie odpisa\u0142em, przepraszam ale nawet nie widzia\u0142em tych wpis\u00f3w. Dlatego je\u015bli macie pytania, piszcie na adres ppisz @ post . pl<\/p>\n<div style='text-align:left' class='yasr-auto-insert-visitor'><\/div>","protected":false},"excerpt":{"rendered":"<p>Piotr Pisz Informatyk od zawsze, odk\u0105d dosta\u0142 Commodore 64 na zako\u0144czenie podstaw\u00f3wki, poprzez ukochan\u0105 Amig\u0119\u00a0 i niesko\u0144czon\u0105 liczb\u0119 konsol linuksowych a\u017c do dzisiejszego, w pe\u0142ni wirtualnego, dnia. Od 2001 roku Administrator system\u00f3w Uniks\/Linuks, przez siedem lat wierny towarzysz i obro\u0144ca &hellip; <a href=\"https:\/\/vm.piszki.pl\/?page_id=363\">Continue reading <span class=\"meta-nav\">&rarr;<\/span><\/a><\/p>\n","protected":false},"author":1,"featured_media":0,"parent":0,"menu_order":0,"comment_status":"open","ping_status":"open","template":"full-width-page.php","meta":{"yasr_overall_rating":0,"yasr_post_is_review":"","yasr_auto_insert_disabled":"","yasr_review_type":"","footnotes":""},"class_list":["post-363","page","type-page","status-publish","hentry"],"yasr_visitor_votes":{"stars_attributes":{"read_only":false,"span_bottom":false},"number_of_votes":0,"sum_votes":0},"_links":{"self":[{"href":"https:\/\/vm.piszki.pl\/index.php?rest_route=\/wp\/v2\/pages\/363"}],"collection":[{"href":"https:\/\/vm.piszki.pl\/index.php?rest_route=\/wp\/v2\/pages"}],"about":[{"href":"https:\/\/vm.piszki.pl\/index.php?rest_route=\/wp\/v2\/types\/page"}],"author":[{"embeddable":true,"href":"https:\/\/vm.piszki.pl\/index.php?rest_route=\/wp\/v2\/users\/1"}],"replies":[{"embeddable":true,"href":"https:\/\/vm.piszki.pl\/index.php?rest_route=%2Fwp%2Fv2%2Fcomments&post=363"}],"version-history":[{"count":8,"href":"https:\/\/vm.piszki.pl\/index.php?rest_route=\/wp\/v2\/pages\/363\/revisions"}],"predecessor-version":[{"id":3741,"href":"https:\/\/vm.piszki.pl\/index.php?rest_route=\/wp\/v2\/pages\/363\/revisions\/3741"}],"wp:attachment":[{"href":"https:\/\/vm.piszki.pl\/index.php?rest_route=%2Fwp%2Fv2%2Fmedia&parent=363"}],"curies":[{"name":"wp","href":"https:\/\/api.w.org\/{rel}","templated":true}]}}